{"id":74,"date":"2024-08-20T09:36:01","date_gmt":"2024-08-20T09:36:01","guid":{"rendered":"https:\/\/zellfmed-hqyvg7iv5s.live-website.com\/?page_id=74"},"modified":"2024-08-20T09:37:42","modified_gmt":"2024-08-20T09:37:42","slug":"mikronaehrstoffe","status":"publish","type":"page","link":"https:\/\/www.zellfmed.de\/index.php\/herzlich-willkommen-bei-zellfmed\/mikronaehrstoffe\/","title":{"rendered":"Mikron\u00e4hrstoffe"},"content":{"rendered":"\n<div class=\"wp-block-media-text is-stacked-on-mobile\"><figure class=\"wp-block-media-text__media\"><img loading=\"lazy\" decoding=\"async\" width=\"592\" height=\"442\" src=\"https:\/\/zellfmed-hqyvg7iv5s.live-website.com\/wp-content\/uploads\/2024\/08\/ortho_arthro_plus.png\" alt=\"\" class=\"wp-image-80 size-full\" srcset=\"https:\/\/www.zellfmed.de\/wp-content\/uploads\/2024\/08\/ortho_arthro_plus.png 592w, https:\/\/www.zellfmed.de\/wp-content\/uploads\/2024\/08\/ortho_arthro_plus-300x224.png 300w\" sizes=\"auto, (max-width: 592px) 100vw, 592px\" \/><\/figure><div class=\"wp-block-media-text__content\">\n<p><strong>Gelenkverschlei\u00dferkrankung:<\/strong><br><strong>ortho arthroplus \u00ae<\/strong><br>ortho arthroplus zur di\u00e4tetischen Behandlung von<br>arthrotischen Gelenkver\u00e4nderungen.<\/p>\n<\/div><\/div>\n\n\n\n<div class=\"wp-block-media-text is-stacked-on-mobile\"><figure class=\"wp-block-media-text__media\"><img loading=\"lazy\" decoding=\"async\" width=\"538\" height=\"377\" src=\"https:\/\/zellfmed-hqyvg7iv5s.live-website.com\/wp-content\/uploads\/2024\/08\/ortho_tendo.png\" alt=\"\" class=\"wp-image-79 size-full\" srcset=\"https:\/\/www.zellfmed.de\/wp-content\/uploads\/2024\/08\/ortho_tendo.png 538w, https:\/\/www.zellfmed.de\/wp-content\/uploads\/2024\/08\/ortho_tendo-300x210.png 300w\" sizes=\"auto, (max-width: 538px) 100vw, 538px\" \/><\/figure><div class=\"wp-block-media-text__content\">\n<p><strong>Bindegewebsentz\u00fcndung:<br>ortho tendo \u00ae<\/strong><br>ortho tendo ist ein Nahrungserg\u00e4nzungsmittel. Wichtige<br>N\u00e4hrstoffe f\u00fcr das Bindegewebe. Mit Mangan und Kupfer als<br>Beitrag zur normalen Bildung von Bindegewebe. Mit<br>Kollagenhydrolysat, Enzymen und Omega-3-Fetts\u00e4uren.<\/p>\n<\/div><\/div>\n\n\n\n<div class=\"wp-block-media-text is-stacked-on-mobile\"><figure class=\"wp-block-media-text__media\"><img loading=\"lazy\" decoding=\"async\" width=\"610\" height=\"387\" src=\"https:\/\/zellfmed-hqyvg7iv5s.live-website.com\/wp-content\/uploads\/2024\/08\/ortho_norm_os.png\" alt=\"\" class=\"wp-image-77 size-full\" srcset=\"https:\/\/www.zellfmed.de\/wp-content\/uploads\/2024\/08\/ortho_norm_os.png 610w, https:\/\/www.zellfmed.de\/wp-content\/uploads\/2024\/08\/ortho_norm_os-300x190.png 300w\" sizes=\"auto, (max-width: 610px) 100vw, 610px\" \/><\/figure><div class=\"wp-block-media-text__content\">\n<p><strong>Osteoporose:<br>ortho norm os \u00ae<\/strong><br>ortho norm os zur di\u00e4tetischen Behandlung von Osteoporose.<\/p>\n<\/div><\/div>\n\n\n\n<div class=\"wp-block-media-text is-stacked-on-mobile\"><figure class=\"wp-block-media-text__media\"><img loading=\"lazy\" decoding=\"async\" width=\"535\" height=\"390\" src=\"https:\/\/zellfmed-hqyvg7iv5s.live-website.com\/wp-content\/uploads\/2024\/08\/ortho_norm_f.png\" alt=\"\" class=\"wp-image-75 size-full\" srcset=\"https:\/\/www.zellfmed.de\/wp-content\/uploads\/2024\/08\/ortho_norm_f.png 535w, https:\/\/www.zellfmed.de\/wp-content\/uploads\/2024\/08\/ortho_norm_f-300x219.png 300w\" sizes=\"auto, (max-width: 535px) 100vw, 535px\" \/><\/figure><div class=\"wp-block-media-text__content\">\n<p><strong>Stre\u00df\/Burnout-Syndrom:<br>ortho norm f \u00ae<\/strong><br>Zur erg\u00e4nzenden bilanzierten Ern\u00e4hrung f\u00fcr Frauen mit<br>stressbedingten Erkrankungen<\/p>\n<\/div><\/div>\n\n\n\n<div class=\"wp-block-media-text is-stacked-on-mobile\"><figure class=\"wp-block-media-text__media\"><img loading=\"lazy\" decoding=\"async\" width=\"536\" height=\"398\" src=\"https:\/\/zellfmed-hqyvg7iv5s.live-website.com\/wp-content\/uploads\/2024\/08\/ortho_norm_m.png\" alt=\"\" class=\"wp-image-76 size-full\" srcset=\"https:\/\/www.zellfmed.de\/wp-content\/uploads\/2024\/08\/ortho_norm_m.png 536w, https:\/\/www.zellfmed.de\/wp-content\/uploads\/2024\/08\/ortho_norm_m-300x223.png 300w\" sizes=\"auto, (max-width: 536px) 100vw, 536px\" \/><\/figure><div class=\"wp-block-media-text__content\">\n<p><strong>Stre\u00df\/Burnout-Syndrom:<br>ortho norm m \u00ae<\/strong><br>Zur erg\u00e4nzenden bilanzierten Ern\u00e4hrung f\u00fcr M\u00e4nner mitstressbedingten Erkrankungen<\/p>\n<\/div><\/div>\n\n\n\n<div class=\"wp-block-media-text is-stacked-on-mobile\"><figure class=\"wp-block-media-text__media\"><img loading=\"lazy\" decoding=\"async\" width=\"644\" height=\"403\" src=\"https:\/\/zellfmed-hqyvg7iv5s.live-website.com\/wp-content\/uploads\/2024\/08\/ortho_molar.png\" alt=\"\" class=\"wp-image-81 size-full\" srcset=\"https:\/\/www.zellfmed.de\/wp-content\/uploads\/2024\/08\/ortho_molar.png 644w, https:\/\/www.zellfmed.de\/wp-content\/uploads\/2024\/08\/ortho_molar-300x188.png 300w\" sizes=\"auto, (max-width: 644px) 100vw, 644px\" \/><\/figure><div class=\"wp-block-media-text__content\">\n<p><strong>St\u00e4rkung der K\u00f6rperabwehr:<br>ortho molar \u00ae<\/strong><br>Zur erg\u00e4nzenden bilanzierten Ern\u00e4hrung bei nutritiv<br>bedingten Immundefiziten<\/p>\n<\/div><\/div>\n","protected":false},"excerpt":{"rendered":"<p>Gelenkverschlei\u00dferkrankung:ortho arthroplus \u00aeortho arthroplus zur di\u00e4tetischen Behandlung vonarthrotischen Gelenkver\u00e4nderungen. Bindegewebsentz\u00fcndung:ortho tendo \u00aeortho tendo ist ein Nahrungserg\u00e4nzungsmittel. WichtigeN\u00e4hrstoffe f\u00fcr das Bindegewebe. Mit Mangan und Kupfer alsBeitrag zur normalen Bildung von Bindegewebe. MitKollagenhydrolysat, Enzymen und Omega-3-Fetts\u00e4uren. Osteoporose:ortho norm os \u00aeortho norm os zur di\u00e4tetischen Behandlung von Osteoporose. Stre\u00df\/Burnout-Syndrom:ortho norm f \u00aeZur erg\u00e4nzenden bilanzierten Ern\u00e4hrung f\u00fcr Frauen mitstressbedingten &hellip; <\/p>\n<p class=\"link-more\"><a href=\"https:\/\/www.zellfmed.de\/index.php\/herzlich-willkommen-bei-zellfmed\/mikronaehrstoffe\/\" class=\"more-link\"><span class=\"screen-reader-text\">\u201eMikron\u00e4hrstoffe\u201c <\/span>weiterlesen<\/a><\/p>\n","protected":false},"author":1,"featured_media":0,"parent":63,"menu_order":0,"comment_status":"closed","ping_status":"closed","template":"","meta":{"footnotes":""},"class_list":["post-74","page","type-page","status-publish","hentry"],"_links":{"self":[{"href":"https:\/\/www.zellfmed.de\/index.php\/wp-json\/wp\/v2\/pages\/74","targetHints":{"allow":["GET"]}}],"collection":[{"href":"https:\/\/www.zellfmed.de\/index.php\/wp-json\/wp\/v2\/pages"}],"about":[{"href":"https:\/\/www.zellfmed.de\/index.php\/wp-json\/wp\/v2\/types\/page"}],"author":[{"embeddable":true,"href":"https:\/\/www.zellfmed.de\/index.php\/wp-json\/wp\/v2\/users\/1"}],"replies":[{"embeddable":true,"href":"https:\/\/www.zellfmed.de\/index.php\/wp-json\/wp\/v2\/comments?post=74"}],"version-history":[{"count":1,"href":"https:\/\/www.zellfmed.de\/index.php\/wp-json\/wp\/v2\/pages\/74\/revisions"}],"predecessor-version":[{"id":82,"href":"https:\/\/www.zellfmed.de\/index.php\/wp-json\/wp\/v2\/pages\/74\/revisions\/82"}],"up":[{"embeddable":true,"href":"https:\/\/www.zellfmed.de\/index.php\/wp-json\/wp\/v2\/pages\/63"}],"wp:attachment":[{"href":"https:\/\/www.zellfmed.de\/index.php\/wp-json\/wp\/v2\/media?parent=74"}],"curies":[{"name":"wp","href":"https:\/\/api.w.org\/{rel}","templated":true}]}}