{"id":2,"date":"2024-08-16T13:52:08","date_gmt":"2024-08-16T13:52:08","guid":{"rendered":"https:\/\/zellfmed-hqyvg7iv5s.live-website.com\/?page_id=2"},"modified":"2024-08-16T14:43:53","modified_gmt":"2024-08-16T14:43:53","slug":"sample-page","status":"publish","type":"page","link":"https:\/\/www.zellfmed.de\/index.php\/sample-page\/","title":{"rendered":"\u00dcber uns"},"content":{"rendered":"\n<p>Seit 2010 bietet Zellfmed hochwertige Markenprodukte zur Wund-, Hygiene- und Injektionsversorgung sowie Mikron\u00e4hrstoffe und Nahrungserg\u00e4nzungsmittel zur Prophylaxe und Behandlung verschiedener Erkrankungen vor allem des Bewegungsapparates an.Die St\u00e4rke unseres Unternehmens besteht in der Kooperation direkter \u00e4rztlicher Beratung und daraufhin von Zellfmed, ma\u00dfgeschneiderten Versorgungspaketen mit einem optimalen Preis-Leistungs-Verh\u00e4ltnis.<\/p>\n\n\n\n<h3 class=\"wp-block-heading\">Firmenleiterin<\/h3>\n\n\n\n<div class=\"wp-block-media-text is-stacked-on-mobile\" style=\"grid-template-columns:15% auto\"><figure class=\"wp-block-media-text__media\"><img loading=\"lazy\" decoding=\"async\" width=\"120\" height=\"120\" src=\"https:\/\/zellfmed-hqyvg7iv5s.live-website.com\/wp-content\/uploads\/2024\/08\/nurse.png\" alt=\"\" class=\"wp-image-32 size-full\"\/><\/figure><div class=\"wp-block-media-text__content\">\n<p><strong>Nadine Dedores-Regh<\/strong><br>Krankenschwester Schwerpunkt Chirurgie<br>Fachkraft f\u00fcr Hygiene<\/p>\n<\/div><\/div>\n\n\n\n<h3 class=\"wp-block-heading\">Beratung und Verkauf<\/h3>\n\n\n\n<div class=\"wp-block-media-text is-stacked-on-mobile\" style=\"grid-template-columns:15% auto\"><figure class=\"wp-block-media-text__media\"><img loading=\"lazy\" decoding=\"async\" width=\"120\" height=\"120\" src=\"https:\/\/zellfmed-hqyvg7iv5s.live-website.com\/wp-content\/uploads\/2024\/08\/receptionist.png\" alt=\"\" class=\"wp-image-34 size-full\"\/><\/figure><div class=\"wp-block-media-text__content\">\n<p><strong>Rachel Weber<\/strong><br>Arzthelferin<\/p>\n<\/div><\/div>\n\n\n\n<h3 class=\"wp-block-heading\">\u00c4rztliche Kooperationspartner<\/h3>\n\n\n\n<div class=\"wp-block-media-text is-stacked-on-mobile\" style=\"grid-template-columns:15% auto\"><figure class=\"wp-block-media-text__media\"><img loading=\"lazy\" decoding=\"async\" width=\"120\" height=\"120\" src=\"https:\/\/zellfmed-hqyvg7iv5s.live-website.com\/wp-content\/uploads\/2024\/08\/surgeon-1.png\" alt=\"\" class=\"wp-image-35 size-full\"\/><\/figure><div class=\"wp-block-media-text__content\">\n<p><strong>Dr. med. Christoph Regh<\/strong><br>Facharzt f\u00fcr Chirurgie mit langj\u00e4hriger Berufserfahrung in Praxis\/Klinik<\/p>\n\n\n\n<p>Erteilt wissenschaftliche Beratung zur Ern\u00e4hrungsmedizin sowie Medizinprodukten und deren Anwendung.&nbsp;&nbsp;&nbsp;&nbsp;&nbsp;<br>Direkte Patientenberatung f\u00fcr Selbstzahler und Kassenpatienten in der Praxis.<\/p>\n<\/div><\/div>\n\n\n\n<p><\/p>\n","protected":false},"excerpt":{"rendered":"<p>Seit 2010 bietet Zellfmed hochwertige Markenprodukte zur Wund-, Hygiene- und Injektionsversorgung sowie Mikron\u00e4hrstoffe und Nahrungserg\u00e4nzungsmittel zur Prophylaxe und Behandlung verschiedener Erkrankungen vor allem des Bewegungsapparates an.Die St\u00e4rke unseres Unternehmens besteht in der Kooperation direkter \u00e4rztlicher Beratung und daraufhin von Zellfmed, ma\u00dfgeschneiderten Versorgungspaketen mit einem optimalen Preis-Leistungs-Verh\u00e4ltnis. Firmenleiterin Nadine Dedores-ReghKrankenschwester Schwerpunkt ChirurgieFachkraft f\u00fcr Hygiene Beratung und &hellip; <\/p>\n<p class=\"link-more\"><a href=\"https:\/\/www.zellfmed.de\/index.php\/sample-page\/\" class=\"more-link\"><span class=\"screen-reader-text\">\u201e\u00dcber uns\u201c <\/span>weiterlesen<\/a><\/p>\n","protected":false},"author":1,"featured_media":0,"parent":0,"menu_order":0,"comment_status":"closed","ping_status":"open","template":"","meta":{"footnotes":""},"class_list":["post-2","page","type-page","status-publish","hentry"],"_links":{"self":[{"href":"https:\/\/www.zellfmed.de\/index.php\/wp-json\/wp\/v2\/pages\/2","targetHints":{"allow":["GET"]}}],"collection":[{"href":"https:\/\/www.zellfmed.de\/index.php\/wp-json\/wp\/v2\/pages"}],"about":[{"href":"https:\/\/www.zellfmed.de\/index.php\/wp-json\/wp\/v2\/types\/page"}],"author":[{"embeddable":true,"href":"https:\/\/www.zellfmed.de\/index.php\/wp-json\/wp\/v2\/users\/1"}],"replies":[{"embeddable":true,"href":"https:\/\/www.zellfmed.de\/index.php\/wp-json\/wp\/v2\/comments?post=2"}],"version-history":[{"count":3,"href":"https:\/\/www.zellfmed.de\/index.php\/wp-json\/wp\/v2\/pages\/2\/revisions"}],"predecessor-version":[{"id":37,"href":"https:\/\/www.zellfmed.de\/index.php\/wp-json\/wp\/v2\/pages\/2\/revisions\/37"}],"wp:attachment":[{"href":"https:\/\/www.zellfmed.de\/index.php\/wp-json\/wp\/v2\/media?parent=2"}],"curies":[{"name":"wp","href":"https:\/\/api.w.org\/{rel}","templated":true}]}}